{"id":6,"date":"2016-07-07T14:20:54","date_gmt":"2016-07-07T13:20:54","guid":{"rendered":"http:\/\/www.liapilates.at\/?page_id=6"},"modified":"2025-10-09T15:45:03","modified_gmt":"2025-10-09T14:45:03","slug":"willkommen","status":"publish","type":"page","link":"http:\/\/www.liapilates.at\/","title":{"rendered":"Mit Achtsamkeit zu innerer Balance"},"content":{"rendered":"<p style=\"padding-left: 40px;\"><a href=\"http:\/\/www.liapilates.at\/wp-content\/uploads\/2024\/12\/20220825_173732.jpg\"><img decoding=\"async\" loading=\"lazy\" class=\"alignnone size-medium wp-image-362\" src=\"http:\/\/www.liapilates.at\/wp-content\/uploads\/2024\/12\/20220825_173732-256x300.jpg\" alt=\"\" width=\"256\" height=\"300\" srcset=\"http:\/\/www.liapilates.at\/wp-content\/uploads\/2024\/12\/20220825_173732-256x300.jpg 256w, http:\/\/www.liapilates.at\/wp-content\/uploads\/2024\/12\/20220825_173732-873x1024.jpg 873w, http:\/\/www.liapilates.at\/wp-content\/uploads\/2024\/12\/20220825_173732-768x900.jpg 768w, http:\/\/www.liapilates.at\/wp-content\/uploads\/2024\/12\/20220825_173732-1310x1536.jpg 1310w, http:\/\/www.liapilates.at\/wp-content\/uploads\/2024\/12\/20220825_173732.jpg 1717w\" sizes=\"(max-width: 256px) 100vw, 256px\" \/><\/a><\/p>\n<h5><strong>\u2606 Bessere<\/strong> <strong>K\u00f6rperhaltung, Kondition und mehr Beweglichkeit \u2606<\/strong><\/h5>\n<p>&#8220;Ver\u00e4nderung geschieht durch Bewegung und<br \/>\nBewegung heilt.&#8221; <em>(Joseph H. Pilates)<\/em><\/p>\n<p>Ich freue mich, Dich auf einer gemeinsamen Entdeckungsreise begleiten zu d\u00fcrfen. Mit viel Einf\u00fchlungsverm\u00f6gen, Geduld unterst\u00fctzte Dich deine Trainingziele zu erreichen. Achtsam und getreu dem Motto von Joseph H. Pilates &#8220;Bewegung heilt&#8221; lernst Dich und dein Bewegungs potential neu kennen.<\/p>\n<p><strong>1 Trainer &#8211; 1 Kunde : Dein Reformer Training<\/strong><\/p>\n<p>Genie\u00dfe Deine private und exklusive\u00a0 Trainingseinheit in einen ruhigen Atmosph\u00e4re. Ohne Ablenkungen von andere Trainern oder Kunden kannst du dich voll auf dein ziegerichtetest Training konzentrieren um dein K\u00f6rper-K\u00f6rper-Geist Workout zu optimieren.<\/p>\n<p>Mein Fokus liegt auf der Durchf\u00fchrung von Einzelunterricht, da jeder Kunde einzigartige Bed\u00fcrfnisse, einen individuellen K\u00f6rper und Lernstil hat. Deshalb bietet das Privatstunde mir die M\u00f6glichkeit, jeden Einzelnen zu verstehen und individuell zu f\u00f6rdern.<!--\/data\/user\/0\/com.samsung.android.app.notes\/files\/clipdata\/clipdata_bodytext_251009_164236_549.sdocx--><\/p>\n<h5><strong>\u00a0\u2661 <em>Neu Kunden Spezial Angebot 3 Einheit \/180 \u20ac<\/em><\/strong><\/h5>\n<p><!--more--><\/p>\n<p>\u2606 Hast du Skoliose, einseitige Arbeit, bist du aktive Sportler, oder willst du einfach deinen K\u00f6rper wieder in Balance bringen, dann dieses Training ist f\u00fcr Dich!<\/p>\n<h2><\/h2>\n<h2><\/h2>\n","protected":false},"excerpt":{"rendered":"<p>\u2606 Bessere K\u00f6rperhaltung, Kondition und mehr Beweglichkeit \u2606 &#8220;Ver\u00e4nderung geschieht durch Bewegung und Bewegung heilt.&#8221; (Joseph H. Pilates) Ich freue mich, Dich auf einer gemeinsamen Entdeckungsreise begleiten zu d\u00fcrfen. Mit viel Einf\u00fchlungsverm\u00f6gen, Geduld unterst\u00fctzte Dich deine Trainingziele zu erreichen. Achtsam und getreu dem Motto von Joseph H. Pilates &#8220;Bewegung heilt&#8221; lernst Dich und dein Bewegungs [&hellip;]<\/p>\n","protected":false},"author":1,"featured_media":0,"parent":0,"menu_order":0,"comment_status":"closed","ping_status":"closed","template":"","meta":[],"_links":{"self":[{"href":"http:\/\/www.liapilates.at\/index.php?rest_route=\/wp\/v2\/pages\/6"}],"collection":[{"href":"http:\/\/www.liapilates.at\/index.php?rest_route=\/wp\/v2\/pages"}],"about":[{"href":"http:\/\/www.liapilates.at\/index.php?rest_route=\/wp\/v2\/types\/page"}],"author":[{"embeddable":true,"href":"http:\/\/www.liapilates.at\/index.php?rest_route=\/wp\/v2\/users\/1"}],"replies":[{"embeddable":true,"href":"http:\/\/www.liapilates.at\/index.php?rest_route=%2Fwp%2Fv2%2Fcomments&post=6"}],"version-history":[{"count":66,"href":"http:\/\/www.liapilates.at\/index.php?rest_route=\/wp\/v2\/pages\/6\/revisions"}],"predecessor-version":[{"id":374,"href":"http:\/\/www.liapilates.at\/index.php?rest_route=\/wp\/v2\/pages\/6\/revisions\/374"}],"wp:attachment":[{"href":"http:\/\/www.liapilates.at\/index.php?rest_route=%2Fwp%2Fv2%2Fmedia&parent=6"}],"curies":[{"name":"wp","href":"https:\/\/api.w.org\/{rel}","templated":true}]}}