{"id":272,"date":"2024-09-21T00:01:59","date_gmt":"2024-09-20T23:01:59","guid":{"rendered":"https:\/\/www.liapilates.at\/?page_id=272"},"modified":"2024-09-24T00:05:48","modified_gmt":"2024-09-23T23:05:48","slug":"referenzen-zufriedener-kunden","status":"publish","type":"page","link":"http:\/\/www.liapilates.at\/?page_id=272","title":{"rendered":"Referenzen -Zufriedener Kunden"},"content":{"rendered":"\n<p>\u201cNach einer Pilates-Stunde bei Delia f\u00fchlt man sich einfach gut. Die \u00dcbungen sind anstrengend, aber ausgewogen und man tut seinem K\u00f6rper etwas Gutes. Nacken, R\u00fccken, Arme und Bauch werden gest\u00e4rkt und der ganze K\u00f6rper einmal durchgedehnt. Aber vor allem kommt man runter, schaltet ab, atmet mal wieder bewusst und f\u00fchlt sich insgesamt entspannter. Die Gruppen sind klein gehalten und stets in einer sch\u00f6nen Atmosph\u00e4re, Delia geht so auf jede einzelne Person ein und korrigiert Fehler bei der Haltung oder zeigt wie man die \u00dcbung verst\u00e4rken kann. Ich bin nun schon seit 10 Jahren bei ihr und freue mich jeden Mittwoch aufs Neue auf ihre Stunde und ihre angenehme Art.\u201d&nbsp;<em>( Karolina S.)<\/em><\/p>\n\n\n\n<p>&#8220;Ich mache seit vielen Jahren Pilates bei Delia. Es ist f\u00fcr mich die perfekte Zeit, um mich auf meinen K\u00f6rper zu fokussieren und mich zu 100% zu entspannen. Delia ist als Trainerin die perfekt Begleitung daf\u00fcr, da sie genau auf uns schaut und mit ihrer positiven Art, sehr viel Ruhe und Geborgenheit ausstrahlt. Die Gruppen sind klein und sehr entspannt, sodass ich mich danach jedesmal wie neu geboren f\u00fchle. Pilates mit Delia gibt mir Kraft und Power f\u00fcr die ganze Woche.&#8221; (Katharina M.)<\/p>\n\n\n\n<p>&#8220;Ich mache bei Delia schon seit 3 Jahren klassiches Pilates, Functional Fitness und auch Flow Yoga regelm\u00e4\u00dfig im Gruppentraining.<br>Delia bietet f\u00fcr mich genau die richtige Mischung aus Sanftheit, Power und Kraft so dass meine Kondition und Muskulatur gefordert aber nicht nicht \u00fcberfordert werden.<br>Das Ergebnis kann ich f\u00fchlen und auch dem K\u00f6rper ansehen. Diese Stunden sind eine echte Bereicherung im Leben.&#8221; (Gerhard L.)<\/p>\n\n\n\n<p>&#8220;Die Pilates-Stunde mit Delia ist jede Woche eine Freude! Mein K\u00f6rper wird mobilisiert, gekr\u00e4ftigt und gedehnt und Delia korrigiert liebevoll und genau, wenn eine \u00dcbung nicht ganz richtig gelingt. Wir lernen in der kleinen Gruppe bewusst atmen, schwitzen vor Anstrengung oder entspannen uns auf der Matte. Welches Wohlgef\u00fchl! Das abwechslungsreiche Programm von Delia ist f\u00fcr Jung und Alt geeignet ( bin 77 Jahre alt und schon fast 4 Jahre dabei). Ich kann nur jedem dazu raten! Beschwingt und gest\u00e4rkt, mit einem &#8220;Kopf hoch, Schultern hinunter&#8221; gehe ich nach Hause! &#8221; (Marlies K.)<\/p>\n\n\n\n<p><\/p>\n\n\n\n<figure class=\"wp-block-image size-large\"><a href=\"http:\/\/www.liapilates.at\/wp-content\/uploads\/2024\/09\/20240321_175524-scaled.jpg\"><img decoding=\"async\" loading=\"lazy\" width=\"1024\" height=\"580\" src=\"http:\/\/www.liapilates.at\/wp-content\/uploads\/2024\/09\/20240321_175524-1024x580.jpg\" alt=\"\" class=\"wp-image-346\" srcset=\"http:\/\/www.liapilates.at\/wp-content\/uploads\/2024\/09\/20240321_175524-1024x580.jpg 1024w, http:\/\/www.liapilates.at\/wp-content\/uploads\/2024\/09\/20240321_175524-300x170.jpg 300w, http:\/\/www.liapilates.at\/wp-content\/uploads\/2024\/09\/20240321_175524-768x435.jpg 768w, http:\/\/www.liapilates.at\/wp-content\/uploads\/2024\/09\/20240321_175524-1536x870.jpg 1536w, http:\/\/www.liapilates.at\/wp-content\/uploads\/2024\/09\/20240321_175524-2048x1161.jpg 2048w\" sizes=\"(max-width: 1024px) 100vw, 1024px\" \/><\/a><\/figure>\n","protected":false},"excerpt":{"rendered":"<p>\u201cNach einer Pilates-Stunde bei Delia f\u00fchlt man sich einfach gut. Die \u00dcbungen sind anstrengend, aber ausgewogen und man tut seinem K\u00f6rper etwas Gutes. Nacken, R\u00fccken, Arme und Bauch werden gest\u00e4rkt und der ganze K\u00f6rper einmal durchgedehnt. Aber vor allem kommt man runter, schaltet ab, atmet mal wieder bewusst und f\u00fchlt sich insgesamt entspannter. Die Gruppen [&hellip;]<\/p>\n","protected":false},"author":2,"featured_media":0,"parent":0,"menu_order":0,"comment_status":"closed","ping_status":"closed","template":"","meta":[],"_links":{"self":[{"href":"http:\/\/www.liapilates.at\/index.php?rest_route=\/wp\/v2\/pages\/272"}],"collection":[{"href":"http:\/\/www.liapilates.at\/index.php?rest_route=\/wp\/v2\/pages"}],"about":[{"href":"http:\/\/www.liapilates.at\/index.php?rest_route=\/wp\/v2\/types\/page"}],"author":[{"embeddable":true,"href":"http:\/\/www.liapilates.at\/index.php?rest_route=\/wp\/v2\/users\/2"}],"replies":[{"embeddable":true,"href":"http:\/\/www.liapilates.at\/index.php?rest_route=%2Fwp%2Fv2%2Fcomments&post=272"}],"version-history":[{"count":6,"href":"http:\/\/www.liapilates.at\/index.php?rest_route=\/wp\/v2\/pages\/272\/revisions"}],"predecessor-version":[{"id":347,"href":"http:\/\/www.liapilates.at\/index.php?rest_route=\/wp\/v2\/pages\/272\/revisions\/347"}],"wp:attachment":[{"href":"http:\/\/www.liapilates.at\/index.php?rest_route=%2Fwp%2Fv2%2Fmedia&parent=272"}],"curies":[{"name":"wp","href":"https:\/\/api.w.org\/{rel}","templated":true}]}}